{"id":333,"date":"2021-10-12T20:45:16","date_gmt":"2021-10-12T18:45:16","guid":{"rendered":"http:\/\/piasek.etnomuzeum.pl\/?page_id=333"},"modified":"2021-10-27T14:10:20","modified_gmt":"2021-10-27T12:10:20","slug":"literatura","status":"publish","type":"page","link":"http:\/\/piasek.etnomuzeum.pl\/?page_id=333","title":{"rendered":"literatura"},"content":{"rendered":"[vc_row type=&#8221;full_width_content&#8221; full_screen_row_position=&#8221;middle&#8221; column_margin=&#8221;default&#8221; column_direction=&#8221;default&#8221; column_direction_tablet=&#8221;default&#8221; column_direction_phone=&#8221;default&#8221; mouse_based_parallax_bg=&#8221;true&#8221; scene_position=&#8221;center&#8221; mouse_sensitivity=&#8221;25&#8243; layer_one_image=&#8221;516&#8243; layer_one_strength=&#8221;0.1&#8243; layer_two_image=&#8221;517&#8243; layer_two_strength=&#8221;1&#8243; bottom_padding=&#8221;737&#8243; text_color=&#8221;dark&#8221; text_align=&#8221;left&#8221; row_border_radius=&#8221;none&#8221; row_border_radius_applies=&#8221;bg&#8221; overlay_strength=&#8221;0.3&#8243; gradient_direction=&#8221;left_to_right&#8221; shape_divider_position=&#8221;bottom&#8221; bg_image_animation=&#8221;none&#8221; shape_type=&#8221;&#8221;][vc_column column_padding=&#8221;no-extra-padding&#8221; column_padding_tablet=&#8221;inherit&#8221; column_padding_phone=&#8221;inherit&#8221; column_padding_position=&#8221;all&#8221; column_element_spacing=&#8221;default&#8221; background_color_opacity=&#8221;1&#8243; background_hover_color_opacity=&#8221;1&#8243; column_shadow=&#8221;none&#8221; column_border_radius=&#8221;none&#8221; column_link_target=&#8221;_self&#8221; gradient_direction=&#8221;left_to_right&#8221; overlay_strength=&#8221;0.3&#8243; width=&#8221;1\/1&#8243; tablet_width_inherit=&#8221;default&#8221; tablet_text_alignment=&#8221;default&#8221; phone_text_alignment=&#8221;default&#8221; bg_image_animation=&#8221;none&#8221; border_type=&#8221;simple&#8221; column_border_width=&#8221;none&#8221; column_border_style=&#8221;solid&#8221;][\/vc_column][\/vc_row][vc_row type=&#8221;full_width_background&#8221; full_screen_row_position=&#8221;middle&#8221; column_margin=&#8221;default&#8221; column_direction=&#8221;default&#8221; column_direction_tablet=&#8221;default&#8221; column_direction_phone=&#8221;default&#8221; bg_color=&#8221;#e7e7dd&#8221; scene_position=&#8221;center&#8221; top_padding=&#8221;90&#8243; bottom_padding=&#8221;20&#8243; text_color=&#8221;dark&#8221; text_align=&#8221;left&#8221; row_border_radius=&#8221;none&#8221; row_border_radius_applies=&#8221;bg&#8221; overlay_strength=&#8221;0.3&#8243; gradient_direction=&#8221;left_to_right&#8221; shape_divider_position=&#8221;bottom&#8221; bg_image_animation=&#8221;none&#8221; shape_type=&#8221;&#8221;][vc_column column_padding=&#8221;no-extra-padding&#8221; column_padding_tablet=&#8221;inherit&#8221; column_padding_phone=&#8221;inherit&#8221; column_padding_position=&#8221;all&#8221; column_element_spacing=&#8221;20px&#8221; background_color_opacity=&#8221;1&#8243; background_hover_color_opacity=&#8221;1&#8243; column_shadow=&#8221;none&#8221; column_border_radius=&#8221;none&#8221; column_link_target=&#8221;_self&#8221; gradient_direction=&#8221;left_to_right&#8221; overlay_strength=&#8221;0.3&#8243; width=&#8221;1\/1&#8243; tablet_width_inherit=&#8221;default&#8221; tablet_text_alignment=&#8221;default&#8221; phone_text_alignment=&#8221;default&#8221; bg_image_animation=&#8221;none&#8221; border_type=&#8221;simple&#8221; column_border_width=&#8221;none&#8221; column_border_style=&#8221;solid&#8221;][vc_column_text]\n<h3 style=\"text-align: center;\"><span class=\"s1\" style=\"color: #84847f;\">Kujawskie sypanie wzor\u00f3w piaskiem<\/span><\/h3>\n[\/vc_column_text][vc_column_text]\n<h3 class=\"p1\" style=\"text-align: center;\"><span class=\"s1\">Literatura<\/span><\/h3>\n[\/vc_column_text][\/vc_column][\/vc_row][vc_row type=&#8221;full_width_background&#8221; full_screen_row_position=&#8221;middle&#8221; column_margin=&#8221;default&#8221; column_direction=&#8221;default&#8221; column_direction_tablet=&#8221;default&#8221; column_direction_phone=&#8221;default&#8221; bg_color=&#8221;#e7e7dd&#8221; scene_position=&#8221;center&#8221; top_padding=&#8221;0&#8243; bottom_padding=&#8221;200&#8243; text_color=&#8221;dark&#8221; text_align=&#8221;left&#8221; row_border_radius=&#8221;none&#8221; row_border_radius_applies=&#8221;bg&#8221; overlay_strength=&#8221;0.3&#8243; gradient_direction=&#8221;left_to_right&#8221; shape_divider_position=&#8221;bottom&#8221; bg_image_animation=&#8221;none&#8221; shape_type=&#8221;&#8221;][vc_column column_padding=&#8221;no-extra-padding&#8221; column_padding_tablet=&#8221;inherit&#8221; column_padding_phone=&#8221;inherit&#8221; column_padding_position=&#8221;all&#8221; column_element_spacing=&#8221;default&#8221; background_color_opacity=&#8221;1&#8243; background_hover_color_opacity=&#8221;1&#8243; column_shadow=&#8221;none&#8221; column_border_radius=&#8221;none&#8221; column_link_target=&#8221;_self&#8221; gradient_direction=&#8221;left_to_right&#8221; overlay_strength=&#8221;0.3&#8243; width=&#8221;1\/1&#8243; tablet_width_inherit=&#8221;default&#8221; tablet_text_alignment=&#8221;default&#8221; phone_text_alignment=&#8221;default&#8221; bg_image_animation=&#8221;none&#8221; border_type=&#8221;simple&#8221; column_border_width=&#8221;none&#8221; column_border_style=&#8221;solid&#8221;][vc_column_text]\n<p class=\"p1\">Berghmans H., <i>Kempische Zandtekeningen<\/i>, za: http:\/\/www.traditie.be\/artikels\/Kempische zandtekeningen.doc, (26.07.2018<b>).<br \/>\n<\/b>Bystro\u0144 J. S., <i>Etnografia Polski<\/i>, \u201eCzytelnik\u201d Sp\u00f3\u0142dzielnia<b> <\/b>Wydawnicza, [Warszawa], 1947, s. 120.<br \/>\nJankowski A., <i>Rysunki z piasku przed chat\u0105<\/i>, \u201eWis\u0142a \u201d, t. XIV:1900, z. 3, 1900, s. 314-317.<br \/>\nHankowska R., <i>Wzory sypane piaskiem<\/i>, \u201ePolska Sztuka Ludowa\u201d, R 4:1989, nr 4, s. 234-238.<br \/>\nKujawskie&#8230; <i>Kujawskie Sypanie Piaskiem<\/i>, Centrum Kultury i Sztuki w Koninie, Urz\u0105d Miasta i Gminy w Przedczu, 2008.<br \/>\nMulkiewicz O., <i>Ozdoby rysowane piaskiem<\/i>, \u201ePolska Sztuka Ludowa\u201d, R.11:1957, nr 4, s.216-222.<br \/>\nOlyslaegers J., <i>Zandetekeningen in de Kempen en hun betekenis<\/i>, za: https:\/\/www.heemkunde-vlaanderen.be\/images\/zandtekeningen_OH86c.pdf, (26.07.2018).<br \/>\nPaw\u0142owska K., <i>Zdobnictwo wn\u0119trz<\/i> [w:] <i>Sztuka ludowa Kujaw. Przesz\u0142o\u015b\u0107 i tera\u017aniejszo\u015b\u0107<\/i>, red. W. Szkulmowska, Kujawsko-Pomorskie Towarzystwo Kulturalne, Bydgoszcz 1997, s. 37-46.<br \/>\nPaw\u0142owska K ., <i>Rze\u017aba i zdobnictwo na Kujawach, Sztuka Ludowa ma Kujawach<\/i>, cz\u0119\u015b\u0107 I, W\u0142oc\u0142awek, Dobrzy\u0144sko-Kujawskie Towarzystwo Kulturalne, W\u0142oc\u0142awek 2003.<br \/>\nSzkulimowska W., <i>Ziemia rodzima to Kujawy<\/i>, Cz\u0119\u015b\u0107 I, S\u0142owo, Wojew\u00f3dzki O\u015brodek Kultury, Bydgoszcz 2007.<br \/>\nWeyns J., <i>Kempische Zandtekeningen<\/i>, \u201eArs folkorica Belgica\u201d, 1956, za:<br \/>\nhttp:\/\/traditionelezandtekeningen.yolasite.com\/resources\/Kempische_Zandtekeningen\/Kempische Zandtekeningen (26.07.2018).<\/p>\n[\/vc_column_text][\/vc_column][\/vc_row]\n","protected":false},"excerpt":{"rendered":"<p>[vc_row type=&#8221;full_width_content&#8221; full_screen_row_position=&#8221;middle&#8221; column_margin=&#8221;default&#8221; column_direction=&#8221;default&#8221; column_direction_tablet=&#8221;default&#8221; column_direction_phone=&#8221;default&#8221; mouse_based_parallax_bg=&#8221;true&#8221; scene_position=&#8221;center&#8221; mouse_sensitivity=&#8221;25&#8243; layer_one_image=&#8221;516&#8243; layer_one_strength=&#8221;0.1&#8243; layer_two_image=&#8221;517&#8243; layer_two_strength=&#8221;1&#8243; bottom_padding=&#8221;737&#8243; text_color=&#8221;dark&#8221; text_align=&#8221;left&#8221; row_border_radius=&#8221;none&#8221; row_border_radius_applies=&#8221;bg&#8221; overlay_strength=&#8221;0.3&#8243; gradient_direction=&#8221;left_to_right&#8221; shape_divider_position=&#8221;bottom&#8221; bg_image_animation=&#8221;none&#8221; shape_type=&#8221;&#8221;][vc_column column_padding=&#8221;no-extra-padding&#8221; column_padding_tablet=&#8221;inherit&#8221; column_padding_phone=&#8221;inherit&#8221; column_padding_position=&#8221;all&#8221; column_element_spacing=&#8221;default&#8221; background_color_opacity=&#8221;1&#8243;&#8230;<\/p>\n","protected":false},"author":1,"featured_media":0,"parent":0,"menu_order":0,"comment_status":"closed","ping_status":"closed","template":"","meta":{"footnotes":""},"class_list":["post-333","page","type-page","status-publish"],"yoast_head":"<!-- This site is optimized with the Yoast SEO plugin v17.1 - https:\/\/yoast.com\/wordpress\/plugins\/seo\/ -->\n<title>literatura - Kujawskie sypanie wzor\u00f3w piaskiem<\/title>\n<meta name=\"robots\" content=\"index, follow, max-snippet:-1, max-image-preview:large, max-video-preview:-1\" \/>\n<link rel=\"canonical\" href=\"http:\/\/piasek.etnomuzeum.pl\/?page_id=333\" \/>\n<meta property=\"og:locale\" content=\"en_US\" \/>\n<meta property=\"og:type\" content=\"article\" \/>\n<meta property=\"og:title\" content=\"literatura - Kujawskie sypanie wzor\u00f3w piaskiem\" \/>\n<meta property=\"og:description\" content=\"[vc_row type=&#8221;full_width_content&#8221; full_screen_row_position=&#8221;middle&#8221; column_margin=&#8221;default&#8221; column_direction=&#8221;default&#8221; column_direction_tablet=&#8221;default&#8221; column_direction_phone=&#8221;default&#8221; mouse_based_parallax_bg=&#8221;true&#8221; scene_position=&#8221;center&#8221; mouse_sensitivity=&#8221;25&#8243; layer_one_image=&#8221;516&#8243; layer_one_strength=&#8221;0.1&#8243; layer_two_image=&#8221;517&#8243; layer_two_strength=&#8221;1&#8243; bottom_padding=&#8221;737&#8243; text_color=&#8221;dark&#8221; text_align=&#8221;left&#8221; row_border_radius=&#8221;none&#8221; row_border_radius_applies=&#8221;bg&#8221; overlay_strength=&#8221;0.3&#8243; gradient_direction=&#8221;left_to_right&#8221; shape_divider_position=&#8221;bottom&#8221; bg_image_animation=&#8221;none&#8221; shape_type=&#8221;&#8221;][vc_column column_padding=&#8221;no-extra-padding&#8221; column_padding_tablet=&#8221;inherit&#8221; column_padding_phone=&#8221;inherit&#8221; column_padding_position=&#8221;all&#8221; column_element_spacing=&#8221;default&#8221; background_color_opacity=&#8221;1&#8243;...\" \/>\n<meta property=\"og:url\" content=\"http:\/\/piasek.etnomuzeum.pl\/?page_id=333\" \/>\n<meta property=\"og:site_name\" content=\"Kujawskie sypanie wzor\u00f3w piaskiem\" \/>\n<meta property=\"article:modified_time\" content=\"2021-10-27T12:10:20+00:00\" \/>\n<meta name=\"twitter:card\" content=\"summary_large_image\" \/>\n<meta name=\"twitter:label1\" content=\"Est. reading time\" \/>\n\t<meta name=\"twitter:data1\" content=\"3 minutes\" \/>\n<script type=\"application\/ld+json\" class=\"yoast-schema-graph\">{\"@context\":\"https:\/\/schema.org\",\"@graph\":[{\"@type\":\"WebSite\",\"@id\":\"http:\/\/piasek.etnomuzeum.pl\/#website\",\"url\":\"http:\/\/piasek.etnomuzeum.pl\/\",\"name\":\"Kujawskie sypanie wzor\\u00f3w piaskiem\",\"description\":\"Dziedzictwo Niematerialne\/ Ulotne tradycje\",\"potentialAction\":[{\"@type\":\"SearchAction\",\"target\":{\"@type\":\"EntryPoint\",\"urlTemplate\":\"http:\/\/piasek.etnomuzeum.pl\/?s={search_term_string}\"},\"query-input\":\"required name=search_term_string\"}],\"inLanguage\":\"en-US\"},{\"@type\":\"WebPage\",\"@id\":\"http:\/\/piasek.etnomuzeum.pl\/?page_id=333#webpage\",\"url\":\"http:\/\/piasek.etnomuzeum.pl\/?page_id=333\",\"name\":\"literatura - Kujawskie sypanie wzor\\u00f3w piaskiem\",\"isPartOf\":{\"@id\":\"http:\/\/piasek.etnomuzeum.pl\/#website\"},\"datePublished\":\"2021-10-12T18:45:16+00:00\",\"dateModified\":\"2021-10-27T12:10:20+00:00\",\"breadcrumb\":{\"@id\":\"http:\/\/piasek.etnomuzeum.pl\/?page_id=333#breadcrumb\"},\"inLanguage\":\"en-US\",\"potentialAction\":[{\"@type\":\"ReadAction\",\"target\":[\"http:\/\/piasek.etnomuzeum.pl\/?page_id=333\"]}]},{\"@type\":\"BreadcrumbList\",\"@id\":\"http:\/\/piasek.etnomuzeum.pl\/?page_id=333#breadcrumb\",\"itemListElement\":[{\"@type\":\"ListItem\",\"position\":1,\"name\":\"Home\",\"item\":\"http:\/\/piasek.etnomuzeum.pl\/\"},{\"@type\":\"ListItem\",\"position\":2,\"name\":\"literatura\"}]}]}<\/script>\n<!-- \/ Yoast SEO plugin. -->","yoast_head_json":{"title":"literatura - Kujawskie sypanie wzor\u00f3w piaskiem","robots":{"index":"index","follow":"follow","max-snippet":"max-snippet:-1","max-image-preview":"max-image-preview:large","max-video-preview":"max-video-preview:-1"},"canonical":"http:\/\/piasek.etnomuzeum.pl\/?page_id=333","og_locale":"en_US","og_type":"article","og_title":"literatura - Kujawskie sypanie wzor\u00f3w piaskiem","og_description":"[vc_row type=&#8221;full_width_content&#8221; full_screen_row_position=&#8221;middle&#8221; column_margin=&#8221;default&#8221; column_direction=&#8221;default&#8221; column_direction_tablet=&#8221;default&#8221; column_direction_phone=&#8221;default&#8221; mouse_based_parallax_bg=&#8221;true&#8221; scene_position=&#8221;center&#8221; mouse_sensitivity=&#8221;25&#8243; layer_one_image=&#8221;516&#8243; layer_one_strength=&#8221;0.1&#8243; layer_two_image=&#8221;517&#8243; layer_two_strength=&#8221;1&#8243; bottom_padding=&#8221;737&#8243; text_color=&#8221;dark&#8221; text_align=&#8221;left&#8221; row_border_radius=&#8221;none&#8221; row_border_radius_applies=&#8221;bg&#8221; overlay_strength=&#8221;0.3&#8243; gradient_direction=&#8221;left_to_right&#8221; shape_divider_position=&#8221;bottom&#8221; bg_image_animation=&#8221;none&#8221; shape_type=&#8221;&#8221;][vc_column column_padding=&#8221;no-extra-padding&#8221; column_padding_tablet=&#8221;inherit&#8221; column_padding_phone=&#8221;inherit&#8221; column_padding_position=&#8221;all&#8221; column_element_spacing=&#8221;default&#8221; background_color_opacity=&#8221;1&#8243;...","og_url":"http:\/\/piasek.etnomuzeum.pl\/?page_id=333","og_site_name":"Kujawskie sypanie wzor\u00f3w piaskiem","article_modified_time":"2021-10-27T12:10:20+00:00","twitter_card":"summary_large_image","twitter_misc":{"Est. reading time":"3 minutes"},"schema":{"@context":"https:\/\/schema.org","@graph":[{"@type":"WebSite","@id":"http:\/\/piasek.etnomuzeum.pl\/#website","url":"http:\/\/piasek.etnomuzeum.pl\/","name":"Kujawskie sypanie wzor\u00f3w piaskiem","description":"Dziedzictwo Niematerialne\/ Ulotne tradycje","potentialAction":[{"@type":"SearchAction","target":{"@type":"EntryPoint","urlTemplate":"http:\/\/piasek.etnomuzeum.pl\/?s={search_term_string}"},"query-input":"required name=search_term_string"}],"inLanguage":"en-US"},{"@type":"WebPage","@id":"http:\/\/piasek.etnomuzeum.pl\/?page_id=333#webpage","url":"http:\/\/piasek.etnomuzeum.pl\/?page_id=333","name":"literatura - Kujawskie sypanie wzor\u00f3w piaskiem","isPartOf":{"@id":"http:\/\/piasek.etnomuzeum.pl\/#website"},"datePublished":"2021-10-12T18:45:16+00:00","dateModified":"2021-10-27T12:10:20+00:00","breadcrumb":{"@id":"http:\/\/piasek.etnomuzeum.pl\/?page_id=333#breadcrumb"},"inLanguage":"en-US","potentialAction":[{"@type":"ReadAction","target":["http:\/\/piasek.etnomuzeum.pl\/?page_id=333"]}]},{"@type":"BreadcrumbList","@id":"http:\/\/piasek.etnomuzeum.pl\/?page_id=333#breadcrumb","itemListElement":[{"@type":"ListItem","position":1,"name":"Home","item":"http:\/\/piasek.etnomuzeum.pl\/"},{"@type":"ListItem","position":2,"name":"literatura"}]}]}},"_links":{"self":[{"href":"http:\/\/piasek.etnomuzeum.pl\/index.php?rest_route=\/wp\/v2\/pages\/333","targetHints":{"allow":["GET"]}}],"collection":[{"href":"http:\/\/piasek.etnomuzeum.pl\/index.php?rest_route=\/wp\/v2\/pages"}],"about":[{"href":"http:\/\/piasek.etnomuzeum.pl\/index.php?rest_route=\/wp\/v2\/types\/page"}],"author":[{"embeddable":true,"href":"http:\/\/piasek.etnomuzeum.pl\/index.php?rest_route=\/wp\/v2\/users\/1"}],"replies":[{"embeddable":true,"href":"http:\/\/piasek.etnomuzeum.pl\/index.php?rest_route=%2Fwp%2Fv2%2Fcomments&post=333"}],"version-history":[{"count":22,"href":"http:\/\/piasek.etnomuzeum.pl\/index.php?rest_route=\/wp\/v2\/pages\/333\/revisions"}],"predecessor-version":[{"id":711,"href":"http:\/\/piasek.etnomuzeum.pl\/index.php?rest_route=\/wp\/v2\/pages\/333\/revisions\/711"}],"wp:attachment":[{"href":"http:\/\/piasek.etnomuzeum.pl\/index.php?rest_route=%2Fwp%2Fv2%2Fmedia&parent=333"}],"curies":[{"name":"wp","href":"https:\/\/api.w.org\/{rel}","templated":true}]}}